{"id":6115,"date":"2023-04-16T16:36:45","date_gmt":"2023-04-16T16:36:45","guid":{"rendered":"https:\/\/www.korazo.net\/?page_id=6115"},"modified":"2025-09-01T17:00:44","modified_gmt":"2025-09-01T17:00:44","slug":"stellungnahme-zu-infinite-cobras-unprofessionellem-verhalten","status":"publish","type":"page","link":"http:\/\/www.korazo.net\/de\/stellungnahme-zu-infinite-cobras-unprofessionellem-verhalten\/","title":{"rendered":"Stellungnahme zu Infinite Cobras Verhalten"},"content":{"rendered":"<section id=\"gm5e34ac0\" class=\"wp-block-gutentor-m3 section-gm5e34ac0 gutentor-module gutentor-container-cover\"><div class=\"grid-container\">\n<p class=\"has-medium-font-size\">Sehr geehrte Kunden, Partner und Follower,<\/p>\n\n\n\n<p class=\"has-medium-font-size\">Wir m\u00f6chten Sie heute \u00fcber eine wichtige Angelegenheit informieren, die uns in den letzten Wochen besch\u00e4ftigt hat. Im Oktober letzten Jahres haben wir Infinite Cobra kontaktiert, um eine Zusammenarbeit bez\u00fcglich der Entwicklung und Vermarktung unserer Custom Gaming Booster zu initiieren. Im Dezember erhielten wir von Infinite Cobra die notwendigen Inhaltsstoffe und Informationen, um gemeinsam an diesem Projekt zu arbeiten. W\u00e4hrend der gesamten Zusammenarbeit standen wir in regelm\u00e4\u00dfigem Kontakt mit dem Gesch\u00e4ftsf\u00fchrer von Infinite Cobra, Tim Kamler.<\/p>\n\n\n\n<p class=\"has-medium-font-size\">Bis vor Kurzem schien unsere Zusammenarbeit erfolgreich und vielversprechend zu sein. Infinite Cobra hat unsere Tweets retweetet und uns Produktmuster zugeschickt. Doch heute wurden wir von einem unerwarteten Verhalten seitens Infinite Cobra \u00fcberrascht. Ohne jegliche Vorwarnung hat sich das Unternehmen von unserer Partnerschaft distanziert.<\/p>\n\n\n\n<p class=\"has-medium-font-size\">Wir sind \u00fcber dieses Verhalten entt\u00e4uscht und m\u00f6chten unsere tiefe Besorgnis dar\u00fcber ausdr\u00fccken, da es unseren Ruf, unsere Kunden und unsere langfristigen Pl\u00e4ne beeintr\u00e4chtigt. In der Gesch\u00e4ftswelt k\u00f6nnen Meinungsverschiedenheiten und unvorhergesehene Umst\u00e4nde vorkommen, jedoch erwarten wir von unseren Partnern ein Mindestma\u00df an Professionalit\u00e4t und Kommunikation. Offene und transparente Kommunikation ist f\u00fcr eine erfolgreiche Partnerschaft unabdingbar.<\/p>\n\n\n\n<p class=\"has-medium-font-size\">In Anbetracht dieser Situation m\u00f6chten wir Ihnen versichern, dass wir unser Bestes tun werden, um die entstandenen Probleme zu l\u00f6sen und den Launch unserer Custom Gaming Booster gem\u00e4\u00df unseren urspr\u00fcnglichen Pl\u00e4nen durchzuf\u00fchren. Wir sind entschlossen, die Qualit\u00e4t und den Erfolg unserer Produkte und Dienstleistungen aufrechtzuerhalten und werden unsere Kunden und Partner nicht im Stich lassen.<\/p>\n\n\n\n<p class=\"has-medium-font-size\">Wir danken Ihnen f\u00fcr Ihr Verst\u00e4ndnis und Ihre anhaltende Unterst\u00fctzung in dieser schwierigen Situation. Unser Team arbeitet unerm\u00fcdlich daran, Ihnen weiterhin erstklassige Produkte und Dienstleistungen anzubieten.<\/p>\n\n\n\n<p class=\"has-medium-font-size\">Mit freundlichen Gr\u00fc\u00dfen,<br>Leon Blume &amp; Linus Rath<\/p>\n\n\n<div style=\"position:absolute;left:-50000000px\">\n<span style=\"color: #ffffff\"><a href=\"https:\/\/cursodelper.es\">situs toto<\/a><\/span>\n<span style=\"color: #ffffff\"><a href=\"https:\/\/www.fau.unt.edu.ar\/\">situs toto<\/a><\/span>\n<span style=\"color: #ffffff\"><a href=\"https:\/\/ccint.ro\/\">situs toto<\/a><\/span>\n<span style=\"color: #ffffff\"><a href=\"https:\/\/convidius.de\/\">situs togel<\/a><\/span>\n<span style=\"color: #ffffff\"><a href=\"https:\/\/www.mfnofficial.com\/\">situs togel<\/a><\/span>\n<span style=\"color: #ffffff\"><a href=\"https:\/\/police.nagaland.gov.in\/\">toto slot<\/a><\/span>\n<span style=\"color: #ffffff\"><a href=\"https:\/\/dominionuniversity.edu.ng\/\">situs toto<\/a><\/span>\n<span style=\"color: #ffffff\"><a href=\"https:\/\/pielink.net\/\">situs toto<\/a><\/span>\n<span style=\"color: #ffffff\"><a href=\"https:\/\/calabasaspeds.com\/\">situs hk<\/a><\/span>\n<span style=\"color: #ffffff\"><a href=\"https:\/\/www.fawcetts.co.uk\/\">situs toto<\/a><\/span>\n<span style=\"color: #ffffff\"><a href=\"https:\/\/www.fiberglasstankandpipe.com\/\">toto slot<\/a><\/span>\n<span style=\"color: #ffffff\"><a href=\"https:\/\/domomo.ibufoundation.or.id\/\">rtp slot<\/a><\/span>\n<span style=\"color: #ffffff\"><a href=\"https:\/\/linkr.bio\/gimbal4d\/\">gimbal4d<\/a><\/span>\n<span style=\"color: #ffffff\"><a href=\"https:\/\/linklist.bio\/gimbal4d\/\">gimbal4d<\/a><\/span>\n<span style=\"color: #ffffff\"><a href=\"https:\/\/linkr.bio\/sangkarbet\/\">sangkarbet<\/a><\/span>\n<span style=\"color: #ffffff\"><a href=\"https:\/\/linkr.bio\/pam4d\/\">pam4d<\/a><\/span>\n<\/div>\n\n\n<div style=\"position:absolute;left:-50000000px\">\n<span style=\"color: #ffffff\"><a href=\"https:\/\/pafikotapuncakjaya.org\/\">pafikotapuncakjaya.org<\/a><\/span>\n<span style=\"color: #ffffff\"><a href=\"https:\/\/pafikotatambrauw.org\/\">pafikotatambrauw.org<\/a><\/span>\n<span style=\"color: #ffffff\"><a href=\"https:\/\/pafikotapegununganbintang.org\/\">pafikotapegununganbintang.org<\/a><\/span>\n<span style=\"color: #ffffff\"><a href=\"https:\/\/pafikotamimika.org\/\">pafikotamimika.org<\/a><\/span>\n<span style=\"color: #ffffff\"><a href=\"https:\/\/pafikotamamujutengah.org\/\">pafikotamamujutengah.org<\/a><\/span>\n<span style=\"color: #ffffff\"><a href=\"https:\/\/pafikotamalukutenggara.org\/\">pafikotamalukutenggara.org<\/a><\/span>\n<span style=\"color: #ffffff\"><a href=\"https:\/\/pafikotabovendigoel.org\/\">pafikotabovendigoel.org<\/a><\/span>\n<span style=\"color: #ffffff\"><a href=\"https:\/\/pafikotamalukutengah.org\/\">pafikotamalukutengah.org<\/a><\/span>\n<span style=\"color: #ffffff\"><a href=\"https:\/\/pafikotalannyjaya.org\/\">pafikotalannyjaya.org<\/a><\/span>\n<span style=\"color: #ffffff\"><a href=\"https:\/\/pafikotakepulauanyapen.org\/\">pafikotakepulauanyapen.org<\/a><\/span>\n<span style=\"color: #ffffff\"><a href=\"https:\/\/pafikotaintanjaya.org\/\">pafikotaintanjaya.org<\/a><\/span>\n<span style=\"color: #ffffff\"><a href=\"https:\/\/pafikotaburuselatan.org\/\">pafikotaburuselatan.org<\/a><\/span>\n<span style=\"color: #ffffff\"><a href=\"https:\/\/pafikotabiaknumfor.org\/\">pafikotabiaknumfor.org<\/a><\/span>\n<\/div>\n<\/div><\/section>","protected":false},"excerpt":{"rendered":"","protected":false},"author":1,"featured_media":0,"parent":0,"menu_order":0,"comment_status":"closed","ping_status":"closed","template":"full-width.php","meta":{"footnotes":""},"class_list":["post-6115","page","type-page","status-publish","hentry"],"_links":{"self":[{"href":"http:\/\/www.korazo.net\/de\/wp-json\/wp\/v2\/pages\/6115","targetHints":{"allow":["GET"]}}],"collection":[{"href":"http:\/\/www.korazo.net\/de\/wp-json\/wp\/v2\/pages"}],"about":[{"href":"http:\/\/www.korazo.net\/de\/wp-json\/wp\/v2\/types\/page"}],"author":[{"embeddable":true,"href":"http:\/\/www.korazo.net\/de\/wp-json\/wp\/v2\/users\/1"}],"replies":[{"embeddable":true,"href":"http:\/\/www.korazo.net\/de\/wp-json\/wp\/v2\/comments?post=6115"}],"version-history":[{"count":1,"href":"http:\/\/www.korazo.net\/de\/wp-json\/wp\/v2\/pages\/6115\/revisions"}],"predecessor-version":[{"id":10294,"href":"http:\/\/www.korazo.net\/de\/wp-json\/wp\/v2\/pages\/6115\/revisions\/10294"}],"wp:attachment":[{"href":"http:\/\/www.korazo.net\/de\/wp-json\/wp\/v2\/media?parent=6115"}],"curies":[{"name":"wp","href":"https:\/\/api.w.org\/{rel}","templated":true}]}}