{"id":1343,"date":"2021-09-25T11:46:09","date_gmt":"2021-09-25T11:46:09","guid":{"rendered":"https:\/\/www.korazo.net\/?post_type=product&#038;p=1343"},"modified":"2024-01-20T18:01:23","modified_gmt":"2024-01-20T18:01:23","slug":"custom-xxl-mouse-pad","status":"publish","type":"product","link":"https:\/\/www.korazo.net\/de\/produkt\/custom-xxl-mouse-pad\/","title":{"rendered":"Custom XXL Mousepad"},"content":{"rendered":"","protected":false},"excerpt":{"rendered":"<p>Dieses XXL-Mouspad hat eine Mikrofaseroberfl\u00e4che f\u00fcr hervorragende Tracking-Leistung. Durch die glatte Oberfl\u00e4che k\u00f6nnen Sie Ihre Maus einfach und pr\u00e4zise bewegen.<\/p>","protected":false},"featured_media":1345,"comment_status":"closed","ping_status":"closed","template":"","meta":[],"product_brand":[],"product_cat":[100,52],"product_tag":[98],"class_list":{"0":"post-1343","1":"product","2":"type-product","3":"status-publish","4":"has-post-thumbnail","6":"product_cat-custom-products","7":"product_cat-mousepads","8":"product_tag-custom-mousepad-xxl","9":"product_shipping_class-shipping-box-small","11":"first","12":"instock","13":"taxable","14":"shipping-taxable","15":"purchasable","16":"product-type-simple"},"_links":{"self":[{"href":"https:\/\/www.korazo.net\/de\/wp-json\/wp\/v2\/product\/1343","targetHints":{"allow":["GET"]}}],"collection":[{"href":"https:\/\/www.korazo.net\/de\/wp-json\/wp\/v2\/product"}],"about":[{"href":"https:\/\/www.korazo.net\/de\/wp-json\/wp\/v2\/types\/product"}],"replies":[{"embeddable":true,"href":"https:\/\/www.korazo.net\/de\/wp-json\/wp\/v2\/comments?post=1343"}],"wp:featuredmedia":[{"embeddable":true,"href":"https:\/\/www.korazo.net\/de\/wp-json\/wp\/v2\/media\/1345"}],"wp:attachment":[{"href":"https:\/\/www.korazo.net\/de\/wp-json\/wp\/v2\/media?parent=1343"}],"wp:term":[{"taxonomy":"product_brand","embeddable":true,"href":"https:\/\/www.korazo.net\/de\/wp-json\/wp\/v2\/product_brand?post=1343"},{"taxonomy":"product_cat","embeddable":true,"href":"https:\/\/www.korazo.net\/de\/wp-json\/wp\/v2\/product_cat?post=1343"},{"taxonomy":"product_tag","embeddable":true,"href":"https:\/\/www.korazo.net\/de\/wp-json\/wp\/v2\/product_tag?post=1343"}],"curies":[{"name":"wp","href":"https:\/\/api.w.org\/{rel}","templated":true}]}}