{"id":8784,"date":"2024-01-23T15:19:32","date_gmt":"2024-01-23T15:19:32","guid":{"rendered":"https:\/\/www.korazo.net\/?post_type=product&#038;p=8784"},"modified":"2025-01-06T16:48:20","modified_gmt":"2025-01-06T16:48:20","slug":"team-realize-mousepad","status":"publish","type":"product","link":"https:\/\/www.korazo.net\/de\/produkt\/team-realize-mousepad\/","title":{"rendered":"Team Realize Mousepad"},"content":{"rendered":"","protected":false},"excerpt":{"rendered":"<p>Dieses XXL-Mouspad hat eine Mikrofaseroberfl\u00e4che f\u00fcr hervorragende Tracking-Leistung. Durch die glatte Oberfl\u00e4che k\u00f6nnen Sie Ihre Maus einfach und pr\u00e4zise bewegen.<\/p>","protected":false},"featured_media":8785,"comment_status":"closed","ping_status":"closed","template":"","meta":[],"product_brand":[],"product_cat":[52,536],"product_tag":[],"class_list":{"0":"post-8784","1":"product","2":"type-product","3":"status-publish","4":"has-post-thumbnail","6":"product_cat-mousepads","7":"product_cat-team-realize","8":"dc_vendor_shop-team-realize","10":"first","11":"instock","12":"taxable","13":"shipping-taxable","14":"purchasable","15":"product-type-simple"},"_links":{"self":[{"href":"https:\/\/www.korazo.net\/de\/wp-json\/wp\/v2\/product\/8784","targetHints":{"allow":["GET"]}}],"collection":[{"href":"https:\/\/www.korazo.net\/de\/wp-json\/wp\/v2\/product"}],"about":[{"href":"https:\/\/www.korazo.net\/de\/wp-json\/wp\/v2\/types\/product"}],"replies":[{"embeddable":true,"href":"https:\/\/www.korazo.net\/de\/wp-json\/wp\/v2\/comments?post=8784"}],"wp:featuredmedia":[{"embeddable":true,"href":"https:\/\/www.korazo.net\/de\/wp-json\/wp\/v2\/media\/8785"}],"wp:attachment":[{"href":"https:\/\/www.korazo.net\/de\/wp-json\/wp\/v2\/media?parent=8784"}],"wp:term":[{"taxonomy":"product_brand","embeddable":true,"href":"https:\/\/www.korazo.net\/de\/wp-json\/wp\/v2\/product_brand?post=8784"},{"taxonomy":"product_cat","embeddable":true,"href":"https:\/\/www.korazo.net\/de\/wp-json\/wp\/v2\/product_cat?post=8784"},{"taxonomy":"product_tag","embeddable":true,"href":"https:\/\/www.korazo.net\/de\/wp-json\/wp\/v2\/product_tag?post=8784"}],"curies":[{"name":"wp","href":"https:\/\/api.w.org\/{rel}","templated":true}]}}